{"id":204,"date":"2020-03-24T17:54:26","date_gmt":"2020-03-24T16:54:26","guid":{"rendered":"https:\/\/apart-blasblei.com\/?page_id=204"},"modified":"2024-12-16T15:05:39","modified_gmt":"2024-12-16T14:05:39","slug":"wohnung-buchen","status":"publish","type":"page","link":"https:\/\/apart-blasblei.com\/index.php\/wohnung-buchen\/","title":{"rendered":"Buchen"},"content":{"rendered":"<p>[et_pb_section fb_built=&#8220;1&#8243; _builder_version=&#8220;4.16&#8243; custom_padding=&#8220;||1px|||&#8220; hover_enabled=&#8220;0&#8243; global_colors_info=&#8220;{}&#8220; sticky_enabled=&#8220;0&#8243;][et_pb_row _builder_version=&#8220;4.16&#8243; hover_enabled=&#8220;0&#8243; global_colors_info=&#8220;{}&#8220; sticky_enabled=&#8220;0&#8243;][et_pb_column type=&#8220;4_4&#8243; _builder_version=&#8220;4.16&#8243; global_colors_info=&#8220;{}&#8220;][et_pb_code _builder_version=&#8220;4.27.4&#8243; hover_enabled=&#8220;0&#8243; global_colors_info=&#8220;{}&#8220; sticky_enabled=&#8220;0&#8243;]<script>     window.dw = window.dw || function () { (dw.q = dw.q || []).push(arguments) };     dw(      'settings',      '98a1fd78-084a-41cd-980c-65911eee6b71',      {       \"context\": {        \"serviceIds\": [],        \"productIds\": [],        \"packageIds\": []       },       \"lang\": 'de'      }     );    <\/script>    <script async src=\"https:\/\/web5.deskline.net\/start\/ACCOWEB\/98a1fd78-084a-41cd-980c-65911eee6b71\/index.js\"><\/script>[\/et_pb_code][\/et_pb_column][\/et_pb_row][et_pb_row column_structure=&#8220;1_3,1_3,1_3&#8243; _builder_version=&#8220;4.16&#8243; global_colors_info=&#8220;{}&#8220;][et_pb_column type=&#8220;1_3&#8243; _builder_version=&#8220;4.16&#8243; global_colors_info=&#8220;{}&#8220;][\/et_pb_column][et_pb_column type=&#8220;1_3&#8243; _builder_version=&#8220;4.16&#8243; global_colors_info=&#8220;{}&#8220;][\/et_pb_column][et_pb_column type=&#8220;1_3&#8243; _builder_version=&#8220;4.16&#8243; global_colors_info=&#8220;{}&#8220;][et_pb_button button_url=&#8220;https:\/\/apart-blasblei.com\/index.php\/kontakt\/&#8220; button_text=&#8220;oder anfragen&#8220; button_alignment=&#8220;right&#8220; _builder_version=&#8220;4.16&#8243; custom_button=&#8220;on&#8220; button_text_size=&#8220;16px&#8220; button_text_color=&#8220;#b2b9c4&#8243; button_bg_color=&#8220;rgba(178,185,196,0)&#8220; button_border_color=&#8220;rgba(0,0,0,0)&#8220; button_border_radius=&#8220;0px&#8220; button_font=&#8220;Raleway|700|||||||&#8220; custom_padding=&#8220;|||0px&#8220; button_border_radius_hover=&#8220;0px&#8220; locked=&#8220;off&#8220; global_colors_info=&#8220;{}&#8220; button_text_size__hover_enabled=&#8220;off&#8220; button_one_text_size__hover_enabled=&#8220;off&#8220; button_two_text_size__hover_enabled=&#8220;off&#8220; button_text_color__hover_enabled=&#8220;off&#8220; button_one_text_color__hover_enabled=&#8220;off&#8220; button_two_text_color__hover_enabled=&#8220;off&#8220; button_border_width__hover_enabled=&#8220;off&#8220; button_one_border_width__hover_enabled=&#8220;off&#8220; button_two_border_width__hover_enabled=&#8220;off&#8220; button_border_color__hover_enabled=&#8220;off&#8220; button_one_border_color__hover_enabled=&#8220;off&#8220; button_two_border_color__hover_enabled=&#8220;off&#8220; button_border_radius__hover_enabled=&#8220;on&#8220; button_border_radius__hover=&#8220;0px&#8220; button_one_border_radius__hover_enabled=&#8220;off&#8220; button_two_border_radius__hover_enabled=&#8220;off&#8220; button_letter_spacing__hover_enabled=&#8220;off&#8220; button_one_letter_spacing__hover_enabled=&#8220;off&#8220; button_two_letter_spacing__hover_enabled=&#8220;off&#8220; button_bg_color__hover_enabled=&#8220;off&#8220; button_one_bg_color__hover_enabled=&#8220;off&#8220; button_two_bg_color__hover_enabled=&#8220;off&#8220;][\/et_pb_button][\/et_pb_column][\/et_pb_row][\/et_pb_section][et_pb_section fb_built=&#8220;1&#8243; _builder_version=&#8220;4.16&#8243; custom_padding=&#8220;0px|||||&#8220; global_colors_info=&#8220;{}&#8220;][et_pb_row column_structure=&#8220;1_2,1_2&#8243; _builder_version=&#8220;4.16&#8243; global_colors_info=&#8220;{}&#8220;][et_pb_column type=&#8220;1_2&#8243; _builder_version=&#8220;4.16&#8243; global_colors_info=&#8220;{}&#8220;][et_pb_blurb title=&#8220;Anreise | Abreise&#8220; _builder_version=&#8220;4.16&#8243; header_level=&#8220;h5&#8243; header_font=&#8220;Raleway|700|||||||&#8220; header_font_size=&#8220;20px&#8220; header_line_height=&#8220;1.2em&#8220; body_font=&#8220;||||||||&#8220; body_line_height=&#8220;2em&#8220; custom_margin=&#8220;||10px|&#8220; global_colors_info=&#8220;{}&#8220;]<\/p>\n<p>Das Apartment Blasblei steht Ihnen am Anreisetag ab 15:00 Uhr zur Verf\u00fcgung. Wir bitten Sie Ihre Anreise bis sp\u00e4testens 19:00 Uhr zu planen und uns Ihre ungef\u00e4hre Ankunftszeit in der Vorwoche bekannt zu geben.<\/p>\n<p><span style=\"font-size: 14px;\">Am Abreisetag bitten wir Sie die Wohnung bis sp\u00e4testens 09:00 Uhr freizugeben.<\/span><\/p>\n<p>Auf Anfrage bieten wir Ihnen kurzfristig gerne fr\u00fchere An- bzw. sp\u00e4tere Abreisezeiten an. Die Zwischenlagerung Ihres Gep\u00e4ckes am An- bzw. Abreisetag k\u00f6nnen wir Ihnen gerne anbieten.<\/p>\n<p>[\/et_pb_blurb][\/et_pb_column][et_pb_column type=&#8220;1_2&#8243; _builder_version=&#8220;4.16&#8243; global_colors_info=&#8220;{}&#8220;][et_pb_blurb title=&#8220;Ihre Buchung&#8220; _builder_version=&#8220;4.16&#8243; header_level=&#8220;h5&#8243; header_font=&#8220;Raleway|700|||||||&#8220; header_font_size=&#8220;20px&#8220; header_line_height=&#8220;1.2em&#8220; body_font=&#8220;||||||||&#8220; body_line_height=&#8220;2em&#8220; custom_margin=&#8220;||10px|&#8220; global_colors_info=&#8220;{}&#8220;]<\/p>\n<p>Mit der Anzahlung in der H\u00f6he von 40 Prozent des Preises der Gesamtaufenthaltsdauer ist Ihre Buchung garantiert.<\/p>\n<p>F\u00fcr eine Stornierung gilt jeweils vom Gesamtpreis des Aufenthaltes: Zwischen drei Monaten und einem Monat vor dem Ankunftstag betr\u00e4gt die Stornogeb\u00fchr 40 Prozent.\u00a0Von einem Monat bis einer Woche vor dem Ankunftstag betr\u00e4gt die Stornogeb\u00fchr 75 Prozent.\u00a0In der letzten Woche vor dem Ankunftstag betr\u00e4gt Ihre Stornogeb\u00fchr 90 Prozent.<\/p>\n<p>Wir empfehlen den Abschluss einer entsprechenden <a href=\"http:\/\/start.europaeische.at\/hsp?AGN=10023043\">Reiseversicherung<\/a>.<\/p>\n<p>[\/et_pb_blurb][\/et_pb_column][\/et_pb_row][\/et_pb_section]<\/p>\n","protected":false},"excerpt":{"rendered":"<p>Barrierefreie, ebenerdige und in sich abgeschlossene Wohnung mit direktem Zugang zur Terrasse. Neu erbaut mit ungetr\u00fcbter Aussicht in die Berge bereits beim Aufstehen. Die frische Bergluft einatmen. Ausatmen.<br \/>\nSo kann der Tag bei Ihrem Aufenthalt im Montafon beginnen. <\/p>\n","protected":false},"author":1,"featured_media":361,"parent":0,"menu_order":0,"comment_status":"closed","ping_status":"closed","template":"","meta":{"_et_pb_use_builder":"on","_et_pb_old_content":"<!-- wp:shortcode -->\n<div class=\"skd-widget\" data-skd-widget=\"check-availability\" data-skd-language-code=\"de\" data-skd-show-language=\"false\" data-skd-search-id=\"WEBSITE14\" data-skd-show-currency=\"false\" data-skd-show-header=\"false\" data-skd-is-themeable=\"false\" data-skd-auto-search=\"true\" data-skd-send-to-groups=\"A\" data-skd-listen-to-groups=\"B\">\n<div style=\"width:100%; min-height:50px; text-align:center;\"><img src=\"https:\/\/static.seekda.com\/assets\/images\/skd_spinner.gif\"><noscript>Your browser doesn't support JavaScript or it has been disabled. To use the booking engine, please make sure to get JavaScript running.<\/noscript><\/div><\/div>\n<!-- \/wp:shortcode -->\n\n<!-- wp:shortcode -->\n<div class=\"skd-widget\" data-skd-widget=\"offer-list\" data-skd-language-code=\"de\" data-skd-is-themeable=\"false\" data-skd-sort-order=\"price\" data-skd-hide-packages=\"false\" data-skd-hide-rates=\"false\" data-skd-cheapest-offer-only=\"false\" data-skd-send-to-groups=\"B\" data-skd-listen-to-groups=\"A\">\n<div style=\"width:100%; min-height:100px; text-align:center;\">\n<img src=\"https:\/\/static.seekda.com\/assets\/images\/skd_spinner.gif\"><noscript>Your browser doesn't support JavaScript or it has been disabled. To use the booking engine, please make sure to get JavaScript running.<\/noscript><\/div><\/div>\n<!-- \/wp:shortcode -->","_et_gb_content_width":"","footnotes":""},"class_list":["post-204","page","type-page","status-publish","has-post-thumbnail","hentry"],"yoast_head":"<!-- This site is optimized with the Yoast SEO plugin v27.4 - https:\/\/yoast.com\/product\/yoast-seo-wordpress\/ -->\n<title>Buchen - Apart Blasblei in St. Gallenkirch, Montafon (A)<\/title>\n<meta name=\"description\" content=\"Buchen Sie Ihre Unterkunft im Montafon. Die Wohnung im Apart Blasblei in St. Gallenkirch steht Ihnen ab 80,00 Euro pro Nacht zur Verf\u00fcgung.\" \/>\n<meta name=\"robots\" content=\"index, follow, max-snippet:-1, max-image-preview:large, max-video-preview:-1\" \/>\n<link rel=\"canonical\" href=\"https:\/\/apart-blasblei.com\/index.php\/wohnung-buchen\/\" \/>\n<meta property=\"og:locale\" content=\"de_DE\" \/>\n<meta property=\"og:type\" content=\"article\" \/>\n<meta property=\"og:title\" content=\"Buchen - Apart Blasblei in St. Gallenkirch, Montafon (A)\" \/>\n<meta property=\"og:description\" content=\"Buchen Sie Ihre Unterkunft im Montafon. Die Wohnung im Apart Blasblei in St. Gallenkirch steht Ihnen ab 80,00 Euro pro Nacht zur Verf\u00fcgung.\" \/>\n<meta property=\"og:url\" content=\"https:\/\/apart-blasblei.com\/index.php\/wohnung-buchen\/\" \/>\n<meta property=\"og:site_name\" content=\"Apart Blasblei in St. Gallenkirch, Montafon (A)\" \/>\n<meta property=\"article:modified_time\" content=\"2024-12-16T14:05:39+00:00\" \/>\n<meta property=\"og:image\" content=\"https:\/\/apart-blasblei.com\/wp-content\/uploads\/2020\/12\/Apart-Blasblei-St.-Gallenkirch-im-Montafon-1_zug-scaled.jpg\" \/>\n\t<meta property=\"og:image:width\" content=\"2880\" \/>\n\t<meta property=\"og:image:height\" content=\"1495\" \/>\n\t<meta property=\"og:image:type\" content=\"image\/jpeg\" \/>\n<meta name=\"twitter:card\" content=\"summary_large_image\" \/>\n<meta name=\"twitter:label1\" content=\"Gesch\u00e4tzte Lesezeit\" \/>\n\t<meta name=\"twitter:data1\" content=\"3 Minuten\" \/>\n<script type=\"application\/ld+json\" class=\"yoast-schema-graph\">{\"@context\":\"https:\\\/\\\/schema.org\",\"@graph\":[{\"@type\":\"WebPage\",\"@id\":\"https:\\\/\\\/apart-blasblei.com\\\/index.php\\\/wohnung-buchen\\\/\",\"url\":\"https:\\\/\\\/apart-blasblei.com\\\/index.php\\\/wohnung-buchen\\\/\",\"name\":\"Buchen - Apart Blasblei in St. Gallenkirch, Montafon (A)\",\"isPartOf\":{\"@id\":\"https:\\\/\\\/apart-blasblei.com\\\/#website\"},\"primaryImageOfPage\":{\"@id\":\"https:\\\/\\\/apart-blasblei.com\\\/index.php\\\/wohnung-buchen\\\/#primaryimage\"},\"image\":{\"@id\":\"https:\\\/\\\/apart-blasblei.com\\\/index.php\\\/wohnung-buchen\\\/#primaryimage\"},\"thumbnailUrl\":\"https:\\\/\\\/apart-blasblei.com\\\/wp-content\\\/uploads\\\/2020\\\/12\\\/Apart-Blasblei-St.-Gallenkirch-im-Montafon-1_zug-scaled.jpg\",\"datePublished\":\"2020-03-24T16:54:26+00:00\",\"dateModified\":\"2024-12-16T14:05:39+00:00\",\"description\":\"Buchen Sie Ihre Unterkunft im Montafon. Die Wohnung im Apart Blasblei in St. Gallenkirch steht Ihnen ab 80,00 Euro pro Nacht zur Verf\u00fcgung.\",\"breadcrumb\":{\"@id\":\"https:\\\/\\\/apart-blasblei.com\\\/index.php\\\/wohnung-buchen\\\/#breadcrumb\"},\"inLanguage\":\"de-AT\",\"potentialAction\":[{\"@type\":\"ReadAction\",\"target\":[\"https:\\\/\\\/apart-blasblei.com\\\/index.php\\\/wohnung-buchen\\\/\"]}]},{\"@type\":\"ImageObject\",\"inLanguage\":\"de-AT\",\"@id\":\"https:\\\/\\\/apart-blasblei.com\\\/index.php\\\/wohnung-buchen\\\/#primaryimage\",\"url\":\"https:\\\/\\\/apart-blasblei.com\\\/wp-content\\\/uploads\\\/2020\\\/12\\\/Apart-Blasblei-St.-Gallenkirch-im-Montafon-1_zug-scaled.jpg\",\"contentUrl\":\"https:\\\/\\\/apart-blasblei.com\\\/wp-content\\\/uploads\\\/2020\\\/12\\\/Apart-Blasblei-St.-Gallenkirch-im-Montafon-1_zug-scaled.jpg\",\"width\":2880,\"height\":1495,\"caption\":\"Freie Wohnung in St. Gallenkirch im Montafon, Vorarlberg.\"},{\"@type\":\"BreadcrumbList\",\"@id\":\"https:\\\/\\\/apart-blasblei.com\\\/index.php\\\/wohnung-buchen\\\/#breadcrumb\",\"itemListElement\":[{\"@type\":\"ListItem\",\"position\":1,\"name\":\"Home\",\"item\":\"https:\\\/\\\/apart-blasblei.com\\\/\"},{\"@type\":\"ListItem\",\"position\":2,\"name\":\"Buchen\"}]},{\"@type\":\"WebSite\",\"@id\":\"https:\\\/\\\/apart-blasblei.com\\\/#website\",\"url\":\"https:\\\/\\\/apart-blasblei.com\\\/\",\"name\":\"Apart Blasblei in St. Gallenkirch, Montafon (A)\",\"description\":\"Ferienwohnung im Montafon\",\"potentialAction\":[{\"@type\":\"SearchAction\",\"target\":{\"@type\":\"EntryPoint\",\"urlTemplate\":\"https:\\\/\\\/apart-blasblei.com\\\/?s={search_term_string}\"},\"query-input\":{\"@type\":\"PropertyValueSpecification\",\"valueRequired\":true,\"valueName\":\"search_term_string\"}}],\"inLanguage\":\"de-AT\"}]}<\/script>\n<!-- \/ Yoast SEO plugin. -->","yoast_head_json":{"title":"Buchen - Apart Blasblei in St. Gallenkirch, Montafon (A)","description":"Buchen Sie Ihre Unterkunft im Montafon. Die Wohnung im Apart Blasblei in St. Gallenkirch steht Ihnen ab 80,00 Euro pro Nacht zur Verf\u00fcgung.","robots":{"index":"index","follow":"follow","max-snippet":"max-snippet:-1","max-image-preview":"max-image-preview:large","max-video-preview":"max-video-preview:-1"},"canonical":"https:\/\/apart-blasblei.com\/index.php\/wohnung-buchen\/","og_locale":"de_DE","og_type":"article","og_title":"Buchen - Apart Blasblei in St. Gallenkirch, Montafon (A)","og_description":"Buchen Sie Ihre Unterkunft im Montafon. Die Wohnung im Apart Blasblei in St. Gallenkirch steht Ihnen ab 80,00 Euro pro Nacht zur Verf\u00fcgung.","og_url":"https:\/\/apart-blasblei.com\/index.php\/wohnung-buchen\/","og_site_name":"Apart Blasblei in St. Gallenkirch, Montafon (A)","article_modified_time":"2024-12-16T14:05:39+00:00","og_image":[{"width":2880,"height":1495,"url":"https:\/\/apart-blasblei.com\/wp-content\/uploads\/2020\/12\/Apart-Blasblei-St.-Gallenkirch-im-Montafon-1_zug-scaled.jpg","type":"image\/jpeg"}],"twitter_card":"summary_large_image","twitter_misc":{"Gesch\u00e4tzte Lesezeit":"3 Minuten"},"schema":{"@context":"https:\/\/schema.org","@graph":[{"@type":"WebPage","@id":"https:\/\/apart-blasblei.com\/index.php\/wohnung-buchen\/","url":"https:\/\/apart-blasblei.com\/index.php\/wohnung-buchen\/","name":"Buchen - Apart Blasblei in St. Gallenkirch, Montafon (A)","isPartOf":{"@id":"https:\/\/apart-blasblei.com\/#website"},"primaryImageOfPage":{"@id":"https:\/\/apart-blasblei.com\/index.php\/wohnung-buchen\/#primaryimage"},"image":{"@id":"https:\/\/apart-blasblei.com\/index.php\/wohnung-buchen\/#primaryimage"},"thumbnailUrl":"https:\/\/apart-blasblei.com\/wp-content\/uploads\/2020\/12\/Apart-Blasblei-St.-Gallenkirch-im-Montafon-1_zug-scaled.jpg","datePublished":"2020-03-24T16:54:26+00:00","dateModified":"2024-12-16T14:05:39+00:00","description":"Buchen Sie Ihre Unterkunft im Montafon. Die Wohnung im Apart Blasblei in St. Gallenkirch steht Ihnen ab 80,00 Euro pro Nacht zur Verf\u00fcgung.","breadcrumb":{"@id":"https:\/\/apart-blasblei.com\/index.php\/wohnung-buchen\/#breadcrumb"},"inLanguage":"de-AT","potentialAction":[{"@type":"ReadAction","target":["https:\/\/apart-blasblei.com\/index.php\/wohnung-buchen\/"]}]},{"@type":"ImageObject","inLanguage":"de-AT","@id":"https:\/\/apart-blasblei.com\/index.php\/wohnung-buchen\/#primaryimage","url":"https:\/\/apart-blasblei.com\/wp-content\/uploads\/2020\/12\/Apart-Blasblei-St.-Gallenkirch-im-Montafon-1_zug-scaled.jpg","contentUrl":"https:\/\/apart-blasblei.com\/wp-content\/uploads\/2020\/12\/Apart-Blasblei-St.-Gallenkirch-im-Montafon-1_zug-scaled.jpg","width":2880,"height":1495,"caption":"Freie Wohnung in St. Gallenkirch im Montafon, Vorarlberg."},{"@type":"BreadcrumbList","@id":"https:\/\/apart-blasblei.com\/index.php\/wohnung-buchen\/#breadcrumb","itemListElement":[{"@type":"ListItem","position":1,"name":"Home","item":"https:\/\/apart-blasblei.com\/"},{"@type":"ListItem","position":2,"name":"Buchen"}]},{"@type":"WebSite","@id":"https:\/\/apart-blasblei.com\/#website","url":"https:\/\/apart-blasblei.com\/","name":"Apart Blasblei in St. Gallenkirch, Montafon (A)","description":"Ferienwohnung im Montafon","potentialAction":[{"@type":"SearchAction","target":{"@type":"EntryPoint","urlTemplate":"https:\/\/apart-blasblei.com\/?s={search_term_string}"},"query-input":{"@type":"PropertyValueSpecification","valueRequired":true,"valueName":"search_term_string"}}],"inLanguage":"de-AT"}]}},"_links":{"self":[{"href":"https:\/\/apart-blasblei.com\/index.php\/wp-json\/wp\/v2\/pages\/204","targetHints":{"allow":["GET"]}}],"collection":[{"href":"https:\/\/apart-blasblei.com\/index.php\/wp-json\/wp\/v2\/pages"}],"about":[{"href":"https:\/\/apart-blasblei.com\/index.php\/wp-json\/wp\/v2\/types\/page"}],"author":[{"embeddable":true,"href":"https:\/\/apart-blasblei.com\/index.php\/wp-json\/wp\/v2\/users\/1"}],"replies":[{"embeddable":true,"href":"https:\/\/apart-blasblei.com\/index.php\/wp-json\/wp\/v2\/comments?post=204"}],"version-history":[{"count":20,"href":"https:\/\/apart-blasblei.com\/index.php\/wp-json\/wp\/v2\/pages\/204\/revisions"}],"predecessor-version":[{"id":559,"href":"https:\/\/apart-blasblei.com\/index.php\/wp-json\/wp\/v2\/pages\/204\/revisions\/559"}],"wp:featuredmedia":[{"embeddable":true,"href":"https:\/\/apart-blasblei.com\/index.php\/wp-json\/wp\/v2\/media\/361"}],"wp:attachment":[{"href":"https:\/\/apart-blasblei.com\/index.php\/wp-json\/wp\/v2\/media?parent=204"}],"curies":[{"name":"wp","href":"https:\/\/api.w.org\/{rel}","templated":true}]}}